{"id":9,"date":"2026-04-11T18:12:18","date_gmt":"2026-04-11T16:12:18","guid":{"rendered":"http:\/\/www.heartflow.com.pl\/?page_id=9"},"modified":"2026-04-17T15:12:00","modified_gmt":"2026-04-17T13:12:00","slug":"landing-page","status":"publish","type":"page","link":"https:\/\/www.heartflow.com.pl\/","title":{"rendered":"Landing page"},"content":{"rendered":"\n<div class=\"wp-block-columns are-vertically-aligned-top is-layout-flex wp-container-core-columns-is-layout-e0e4babd wp-block-columns-is-layout-flex\" style=\"padding-right:0;padding-left:0\">\n<div class=\"wp-block-column is-vertically-aligned-top is-layout-flow wp-block-column-is-layout-flow\" style=\"padding-right:0;padding-left:0\">\n<figure class=\"wp-block-image size-full is-style-default\"><img loading=\"lazy\" decoding=\"async\" width=\"1194\" height=\"535\" src=\"http:\/\/www.heartflow.com.pl\/wp-content\/uploads\/2026\/04\/FH-logo-haslo-rgb.png\" alt=\"\" class=\"wp-image-30\" srcset=\"https:\/\/www.heartflow.com.pl\/wp-content\/uploads\/2026\/04\/FH-logo-haslo-rgb.png 1194w, https:\/\/www.heartflow.com.pl\/wp-content\/uploads\/2026\/04\/FH-logo-haslo-rgb-300x134.png 300w, https:\/\/www.heartflow.com.pl\/wp-content\/uploads\/2026\/04\/FH-logo-haslo-rgb-1024x459.png 1024w, https:\/\/www.heartflow.com.pl\/wp-content\/uploads\/2026\/04\/FH-logo-haslo-rgb-768x344.png 768w\" sizes=\"auto, (max-width: 1194px) 100vw, 1194px\" \/><\/figure>\n<\/div>\n<\/div>\n\n\n\n<hr class=\"wp-block-separator has-alpha-channel-opacity is-style-wide is-style-wide--1\"\/>\n\n\n\n<div class=\"wp-block-columns is-layout-flex wp-container-core-columns-is-layout-28f84493 wp-block-columns-is-layout-flex\">\n<div class=\"wp-block-column is-layout-flow wp-block-column-is-layout-flow\">\n<figure class=\"wp-block-image size-full\"><img loading=\"lazy\" decoding=\"async\" width=\"2560\" height=\"1440\" src=\"http:\/\/www.heartflow.com.pl\/wp-content\/uploads\/2026\/04\/IMG_1168-edited-scaled.jpg\" alt=\"\" class=\"wp-image-46\" srcset=\"https:\/\/www.heartflow.com.pl\/wp-content\/uploads\/2026\/04\/IMG_1168-edited-scaled.jpg 2560w, https:\/\/www.heartflow.com.pl\/wp-content\/uploads\/2026\/04\/IMG_1168-edited-300x169.jpg 300w, https:\/\/www.heartflow.com.pl\/wp-content\/uploads\/2026\/04\/IMG_1168-edited-1024x576.jpg 1024w, https:\/\/www.heartflow.com.pl\/wp-content\/uploads\/2026\/04\/IMG_1168-edited-768x432.jpg 768w, https:\/\/www.heartflow.com.pl\/wp-content\/uploads\/2026\/04\/IMG_1168-edited-1536x864.jpg 1536w, https:\/\/www.heartflow.com.pl\/wp-content\/uploads\/2026\/04\/IMG_1168-edited-2048x1152.jpg 2048w\" sizes=\"auto, (max-width: 2560px) 100vw, 2560px\" \/><\/figure>\n<\/div>\n<\/div>\n\n\n\n<hr class=\"wp-block-separator has-alpha-channel-opacity is-style-wide is-style-wide--2\"\/>\n\n\n\n<div class=\"wp-block-columns alignfull is-layout-flex wp-container-core-columns-is-layout-59e203da wp-block-columns-is-layout-flex\" style=\"padding-right:0;padding-left:0\">\n<div class=\"wp-block-column is-vertically-aligned-center is-layout-flow wp-container-core-column-is-layout-a777bb29 wp-block-column-is-layout-flow\" style=\"padding-top:0;padding-right:var(--wp--preset--spacing--30);padding-bottom:0;padding-left:var(--wp--preset--spacing--30);flex-basis:100%\">\n<p class=\"has-text-align-left has-large-font-size\">Niewydolno\u015b\u0107 serca stanowi obecnie jedno z najwi\u0119kszych wyzwa\u0144 zdrowotnych XXI wieku. Szacuje si\u0119, \u017ce w Polsce choroba ta dotyczy nawet 1\u20131,3 miliona os\u00f3b, a rocznie prowadzi do \u015bmierci oko\u0142o 140\u2013150 tysi\u0119cy pacjent\u00f3w. Co istotne, \u015bmiertelno\u015b\u0107 z jej powodu w wielu przypadkach przewy\u017csza zgony zwi\u0105zane z chorobami onkologicznymi. Pomimo tego \u015bwiadomo\u015b\u0107 spo\u0142eczna dotycz\u0105ca dost\u0119pnych metod leczenia pozostaje nadal niewystarczaj\u0105ca.<\/p>\n\n\n\n<p class=\"has-text-align-left has-large-font-size\">Inspiracj\u0105 do powo\u0142ania <mark style=\"background-color:rgba(0, 0, 0, 0)\" class=\"has-inline-color has-custom-blue-logo-color\"><strong>Fundacji <\/strong><\/mark><mark style=\"background-color:rgba(0, 0, 0, 0)\" class=\"has-inline-color has-custom-red-logo-color\"><strong>Heartflow<\/strong><\/mark> by\u0142y liczne rozmowy prowadzone zar\u00f3wno z pacjentami, jak i ekspertami z zakresu kardiologii, kardiochirurgii, transplantologii oraz psychologii klinicznej. W ich trakcie wyra\u017anie wybrzmiewa potrzeba zwi\u0119kszenia \u015bwiadomo\u015bci spo\u0142ecznej dotycz\u0105cej mo\u017cliwo\u015bci leczenia niewydolno\u015bci serca, w tym mechanicznego wspomagania kr\u0105\u017cenia (LVAD) oraz transplantacji serca.<\/p>\n\n\n\n<p class=\"has-text-align-left has-large-font-size\"><mark style=\"background-color:rgba(0, 0, 0, 0)\" class=\"has-inline-color has-custom-blue-logo-color\"><strong>Fundacja <\/strong><\/mark><mark style=\"background-color:rgba(0, 0, 0, 0)\" class=\"has-inline-color has-custom-red-logo-color\"><strong>HeartFlow<\/strong> <\/mark>powsta\u0142a z potrzeby serca oraz w oparciu o wieloletnie do\u015bwiadczenie kliniczne i naukowe. W Radzie Fundacji zasiadaj\u0105 wybitni eksperci z zakresu medycyny, prawa i psychologii, a tak\u017ce sami pacjenci. Nasz\u0105 misj\u0105 jest kompleksowe wsparcie chorych oraz rozw\u00f3j \u015bwiadomo\u015bci w zakresie nowoczesnych metod leczenia niewydolno\u015bci serca.<\/p>\n\n\n\n<p class=\"has-text-align-left has-large-font-size\">Celem <strong><mark style=\"background-color:rgba(0, 0, 0, 0)\" class=\"has-inline-color has-custom-blue-logo-color\">Fundacji<\/mark> <mark style=\"background-color:rgba(0, 0, 0, 0)\" class=\"has-inline-color has-custom-red-logo-color\">HeartFlow<\/mark><\/strong> jest upowszechnianie wiedzy na temat tych metod terapii jako skutecznych, a cz\u0119sto ratuj\u0105cych \u017cycie rozwi\u0105za\u0144 dla pacjent\u00f3w z kra\u0144cow\u0105 niewydolno\u015bci\u0105 serca. Nasze dzia\u0142ania obejmuj\u0105 wsparcie medyczne, psychologiczne, edukacyjne i spo\u0142eczne, a tak\u017ce budowanie przestrzeni dialogu pomi\u0119dzy pacjentami, \u015brodowiskiem medycznym oraz instytucjami publicznymi.<\/p>\n\n\n\n<p class=\"has-text-align-left has-large-font-size\"><strong><mark style=\"background-color:rgba(0, 0, 0, 0)\" class=\"has-inline-color has-custom-blue-logo-color\">Fundacja<\/mark> <mark style=\"background-color:rgba(0, 0, 0, 0)\" class=\"has-inline-color has-custom-red-logo-color\">Heartflow<\/mark><\/strong><mark style=\"background-color:rgba(0, 0, 0, 0)\" class=\"has-inline-color has-custom-red-logo-color\"> <\/mark>dzia\u0142a na styku medycyny, nauki i wsparcia psychospo\u0142ecznego, integruj\u0105c wiedz\u0119 kliniczn\u0105 z psychologiczn\u0105. Takie podej\u015bcie pozwala na pe\u0142niejsze rozumienie potrzeb pacjent\u00f3w oraz przygotowanie przysz\u0142ych specjalist\u00f3w do pracy z osobami przewlekle chorymi.<\/p>\n<\/div>\n<\/div>\n\n\n\n<hr class=\"wp-block-separator has-alpha-channel-opacity is-style-wide is-style-wide--3\"\/>\n\n\n\n<div class=\"wp-block-columns alignfull is-layout-flex wp-container-core-columns-is-layout-9c22b1e3 wp-block-columns-is-layout-flex\">\n<div class=\"wp-block-column is-vertically-aligned-center is-layout-flow wp-block-column-is-layout-flow\" style=\"padding-top:0;padding-right:var(--wp--preset--spacing--20);padding-bottom:0;padding-left:var(--wp--preset--spacing--20)\">\n<h2 class=\"wp-block-heading has-text-align-center has-xx-large-font-size has-medium-font-size\"><strong>Cele fundacji<\/strong><\/h2>\n<\/div>\n<\/div>\n\n\n\n<div class=\"wp-block-columns alignfull is-layout-flex wp-container-core-columns-is-layout-9c22b1e3 wp-block-columns-is-layout-flex\">\n<div class=\"wp-block-column is-vertically-aligned-center is-layout-flow wp-block-column-is-layout-flow\" style=\"padding-top:0;padding-right:var(--wp--preset--spacing--30);padding-bottom:0;padding-left:var(--wp--preset--spacing--30);flex-basis:66.6%\">\n<p class=\"has-x-large-font-size\"><strong><em>Podstawowe cele <\/em><\/strong><em><mark style=\"background-color:rgba(0, 0, 0, 0)\" class=\"has-inline-color has-custom-blue-logo-color\"><strong>Fundacji <\/strong><\/mark><mark style=\"background-color:rgba(0, 0, 0, 0)\" class=\"has-inline-color has-custom-red-logo-color\"><strong>Heartflow <\/strong><\/mark><\/em><strong><em>to:<\/em><\/strong><\/p>\n\n\n\n<ul class=\"wp-block-list\">\n<li><strong>Wspieranie pacjent\u00f3w z zaawansowan\u0105 niewydolno\u015bci\u0105 serca, w tym os\u00f3b korzystaj\u0105cych z urz\u0105dze\u0144 mechanicznego wspomagania kr\u0105\u017cenia, a tak\u017ce pacjent\u00f3w po zabiegach operacyjnych i transplantacyjnych;<\/strong><\/li>\n\n\n\n<li><strong>Zwi\u0119kszanie \u015bwiadomo\u015bci spo\u0142ecznej w zakresie transplantologii, dawstwa narz\u0105d\u00f3w i tkanek, w tym dawstwa od \u017cywego dawcy, a tak\u017ce krwiodawstwa i dawstwa szpiku kostnego;<\/strong><\/li>\n\n\n\n<li><strong>Popularyzacja zdrowego stylu \u017cycia, profilaktyki chor\u00f3b serca oraz dzia\u0142a\u0144 wspieraj\u0105cych rekonwalescencj\u0119 i jako\u015b\u0107 \u017cycia pacjent\u00f3w;<\/strong><\/li>\n\n\n\n<li><strong>Wspieranie rozwoju kardiologii, transplantologii oraz nowoczesnych metod leczenia, w tym mechanicznego wspomagania kr\u0105\u017cenia;<\/strong><\/li>\n\n\n\n<li><strong>Wsparcie psychologiczne, mentalne, edukacyjne i spo\u0142eczne dla pacjent\u00f3w oraz ich rodzin, w tym dzieci i m\u0142odzie\u017cy;<\/strong><\/li>\n<\/ul>\n<\/div>\n\n\n\n<div class=\"wp-block-column is-vertically-aligned-center is-layout-flow wp-block-column-is-layout-flow\" style=\"padding-right:var(--wp--preset--spacing--30);padding-left:var(--wp--preset--spacing--30);flex-basis:33.3%\">\n<div class=\"wp-block-group is-vertical is-content-justification-right is-layout-flex wp-container-core-group-is-layout-c0d519fa wp-block-group-is-layout-flex\">\n<figure class=\"wp-block-image size-medium\"><img loading=\"lazy\" decoding=\"async\" width=\"300\" height=\"300\" src=\"http:\/\/www.heartflow.com.pl\/wp-content\/uploads\/2026\/04\/IMG_1237-edited-300x300.jpeg\" alt=\"\" class=\"wp-image-61\" style=\"aspect-ratio:4\/3;object-fit:cover\" srcset=\"https:\/\/www.heartflow.com.pl\/wp-content\/uploads\/2026\/04\/IMG_1237-edited-300x300.jpeg 300w, https:\/\/www.heartflow.com.pl\/wp-content\/uploads\/2026\/04\/IMG_1237-edited-1024x1024.jpeg 1024w, https:\/\/www.heartflow.com.pl\/wp-content\/uploads\/2026\/04\/IMG_1237-edited-150x150.jpeg 150w, https:\/\/www.heartflow.com.pl\/wp-content\/uploads\/2026\/04\/IMG_1237-edited-768x768.jpeg 768w, https:\/\/www.heartflow.com.pl\/wp-content\/uploads\/2026\/04\/IMG_1237-edited.jpeg 1179w\" sizes=\"auto, (max-width: 300px) 100vw, 300px\" \/><\/figure>\n\n\n\n<figure class=\"wp-block-image size-medium\"><img loading=\"lazy\" decoding=\"async\" width=\"300\" height=\"268\" src=\"http:\/\/www.heartflow.com.pl\/wp-content\/uploads\/2026\/04\/IMG_1436-Copy-300x268.jpeg\" alt=\"\" class=\"wp-image-95\" srcset=\"https:\/\/www.heartflow.com.pl\/wp-content\/uploads\/2026\/04\/IMG_1436-Copy-300x268.jpeg 300w, https:\/\/www.heartflow.com.pl\/wp-content\/uploads\/2026\/04\/IMG_1436-Copy.jpeg 746w\" sizes=\"auto, (max-width: 300px) 100vw, 300px\" \/><\/figure>\n<\/div>\n<\/div>\n<\/div>\n\n\n\n<hr class=\"wp-block-separator has-alpha-channel-opacity is-style-wide is-style-wide--4\"\/>\n\n\n\n<div class=\"wp-block-columns alignfull is-layout-flex wp-container-core-columns-is-layout-9c22b1e3 wp-block-columns-is-layout-flex\">\n<div class=\"wp-block-column is-vertically-aligned-center is-layout-flow wp-block-column-is-layout-flow\" style=\"padding-top:0;padding-right:0;padding-bottom:0;padding-left:0\">\n<h2 class=\"wp-block-heading has-text-align-center has-xx-large-font-size has-medium-font-size\"><strong>Fundatorka<\/strong><\/h2>\n<\/div>\n<\/div>\n\n\n\n<div class=\"wp-block-columns alignfull is-layout-flex wp-container-core-columns-is-layout-9c22b1e3 wp-block-columns-is-layout-flex\">\n<div class=\"wp-block-column is-vertically-aligned-center is-layout-flow wp-block-column-is-layout-flow\" style=\"padding-right:var(--wp--preset--spacing--30);padding-left:var(--wp--preset--spacing--30);flex-basis:100%\">\n<figure class=\"wp-block-image alignleft size-medium\" style=\"margin-top:var(--wp--preset--spacing--40);margin-bottom:var(--wp--preset--spacing--40)\"><img loading=\"lazy\" decoding=\"async\" width=\"300\" height=\"225\" src=\"http:\/\/www.heartflow.com.pl\/wp-content\/uploads\/2026\/04\/C6620833-AA69-48DF-99F7-0800D4261473-edited-300x225.png\" alt=\"\" class=\"wp-image-71\" srcset=\"https:\/\/www.heartflow.com.pl\/wp-content\/uploads\/2026\/04\/C6620833-AA69-48DF-99F7-0800D4261473-edited-300x225.png 300w, https:\/\/www.heartflow.com.pl\/wp-content\/uploads\/2026\/04\/C6620833-AA69-48DF-99F7-0800D4261473-edited-768x576.png 768w, https:\/\/www.heartflow.com.pl\/wp-content\/uploads\/2026\/04\/C6620833-AA69-48DF-99F7-0800D4261473-edited.png 1024w\" sizes=\"auto, (max-width: 300px) 100vw, 300px\" \/><\/figure>\n\n\n\n<p class=\"has-x-large-font-size\">Dr n. o zdr. Aleksandra Tomaszek<\/p>\n\n\n\n<p class=\"has-medium-font-size\">Doktor nauk o zdrowiu, psycholog ze specjalno\u015bci\u0105 psychologia kliniczna i zdrowia, psychotraumatolog, pedagog oraz specjalistka w zakresie psychologii kryzysu.<\/p>\n\n\n\n<p class=\"has-medium-font-size\">Absolwentka studi\u00f3w doktoranckich Wydzia\u0142u Nauk o Zdrowiu Warszawski Uniwersytet Medyczny (specjalno\u015b\u0107: psychologia zdrowia). Stopie\u0144 doktora uzyska\u0142a na podstawie rozprawy po\u015bwi\u0119conej medycznym i psychospo\u0142ecznym aspektom donacji oraz transplantacji nerki od dawcy \u017cywego, ze szczeg\u00f3lnym uwzgl\u0119dnieniem strategii radzenia sobie ze stresem.<\/p>\n\n\n\n<p class=\"has-medium-font-size\">Uko\u0144czy\u0142a studia magisterskie z psychologii klinicznej i zdrowia na Uniwersytet SWPS w Warszawie, studia pedagogiczne na Uniwersytet \u015al\u0105ski w Katowicach oraz studia podyplomowe m.in. z zakresu psychotraumatologii (Szko\u0142a G\u0142\u00f3wna Mened\u017cerska w Warszawie) i psychologii kryzysu na Uniwersytet Jagiello\u0144ski. Posiada r\u00f3wnie\u017c wykszta\u0142cenie medyczne, w tym kwalifikacje piel\u0119gniarskie oraz specjalistyczne przygotowanie w zakresie anestezjologii i intensywnej terapii.<\/p>\n\n\n\n<p class=\"has-medium-font-size\">Od pocz\u0105tku swojej kariery zawodowej zwi\u0105zana jest z medycyn\u0105 wysokospecjalistyczn\u0105. Do\u015bwiadczenie zdobywa\u0142a m.in. w oddziale anestezjologii i intensywnej terapii, pracuj\u0105c w warunkach silnego stresu i w sytuacjach granicznych \u2013 obejmuj\u0105cych \u015bmier\u0107 pacjenta oraz wsparcie jego bliskich. To do\u015bwiadczenie ukszta\u0142towa\u0142o jej zainteresowania zawodowe w obszarze psychologii kryzysu, transplantologii, onkologii i medycyny ratunkowej.<\/p>\n\n\n\n<p class=\"has-medium-font-size\">W latach 2011\u20132021 wsp\u00f3\u0142tworzy\u0142a og\u00f3lnopolski program \u201e\u017bywy dawca nerki\u201d, realizowany we wsp\u00f3\u0142pracy z Poltransplant oraz Ministerstwem Zdrowia. Jako koordynator transplantacyjny i psycholog w strukturach Warszawskiego Uniwersytetu Medycznego uczestniczy\u0142a w kwalifikacji medycznej i psychologicznej pacjent\u00f3w do przeszczepie\u0144 nerki i w\u0105troby. Bra\u0142a udzia\u0142 w realizacji pierwszego w Polsce przeszczepienia krzy\u017cowego nerek od dawc\u00f3w niespokrewnionych.<\/p>\n\n\n\n<p class=\"has-medium-font-size\">Od 2009 roku prowadzi dzia\u0142alno\u015b\u0107 dydaktyczn\u0105 na Warszawskim Uniwersytecie Medycznym w obszarze anestezjologii i intensywnej terapii. R\u00f3wnolegle pracuje w hospicjum domowym, integruj\u0105c wiedz\u0119 medyczn\u0105 i psychologiczn\u0105 w opiece nad pacjentami oraz ich rodzinami.<\/p>\n\n\n\n<p class=\"has-medium-font-size\">Obecnie zwi\u0105zana jest z Narodowy Instytut Kardiologii (chatgpt:\/\/generic-entity?number=5), gdzie zajmuje si\u0119 kwalifikacj\u0105 pacjent\u00f3w z niewydolno\u015bci\u0105 serca do transplantacji serca oraz terapii z wykorzystaniem mechanicznego wspomagania kr\u0105\u017cenia (LVAD).<\/p>\n\n\n\n<p class=\"has-medium-font-size\">Aktywnie anga\u017cuje si\u0119 w rozw\u00f3j i promocj\u0119 terapii LVAD, prowadz\u0105c dzia\u0142ania edukacyjne i wspieraj\u0105c pacjent\u00f3w oraz ich bliskich w procesie leczenia.<\/p>\n\n\n\n<p class=\"has-medium-font-size\">Jej praktyka zawodowa koncentruje si\u0119 na:<br>\u2022 wsparciu pacjent\u00f3w w stanach zagro\u017cenia \u017cycia,<br>\u2022 pracy z osobami z chorobami przewlek\u0142ymi i terminalnymi,<br>\u2022 pomocy rodzinom pacjent\u00f3w,<br>\u2022 wsparciu zespo\u0142\u00f3w medycznych nara\u017conych na stres i traum\u0119 wt\u00f3rn\u0105.<\/p>\n\n\n\n<p class=\"has-medium-font-size\">Jest autork\u0105 i wsp\u00f3\u0142autork\u0105 publikacji naukowych oraz program\u00f3w profilaktycznych i zdrowotnych.<\/p>\n<\/div>\n<\/div>\n\n\n\n<hr class=\"wp-block-separator has-alpha-channel-opacity is-style-wide is-style-wide--5\"\/>\n\n\n\n<div class=\"wp-block-columns alignfull is-layout-flex wp-container-core-columns-is-layout-9c22b1e3 wp-block-columns-is-layout-flex\">\n<div class=\"wp-block-column is-vertically-aligned-center is-layout-flow wp-block-column-is-layout-flow\" style=\"padding-top:0;padding-right:0;padding-bottom:0;padding-left:0\">\n<h2 class=\"wp-block-heading has-text-align-center has-xx-large-font-size has-medium-font-size\"><strong>Skontaktuj si\u0119 z nami<\/strong><\/h2>\n<\/div>\n<\/div>\n\n\n<style id=\"wpforms-css-vars-76-block-0568c106-a2ae-4d8e-831f-523128cbd7c8\">\n\t\t\t\t#wpforms-76.wpforms-block-0568c106-a2ae-4d8e-831f-523128cbd7c8 {\n\t\t\t\t--wpforms-field-size-input-height: 43px;\n--wpforms-field-size-input-spacing: 15px;\n--wpforms-field-size-font-size: 16px;\n--wpforms-field-size-line-height: 19px;\n--wpforms-field-size-padding-h: 14px;\n--wpforms-field-size-checkbox-size: 16px;\n--wpforms-field-size-sublabel-spacing: 5px;\n--wpforms-field-size-icon-size: 1;\n--wpforms-label-size-font-size: 16px;\n--wpforms-label-size-line-height: 19px;\n--wpforms-label-size-sublabel-font-size: 14px;\n--wpforms-label-size-sublabel-line-height: 17px;\n--wpforms-button-size-font-size: 17px;\n--wpforms-button-size-height: 41px;\n--wpforms-button-size-padding-h: 15px;\n--wpforms-button-size-margin-top: 10px;\n\t\t\t}\n\t\t\t<\/style><div class=\"wpforms-container wpforms-container-full wpforms-block wpforms-block-0568c106-a2ae-4d8e-831f-523128cbd7c8 wpforms-render-modern\" id=\"wpforms-76\"><form id=\"wpforms-form-76\" class=\"wpforms-validate wpforms-form wpforms-ajax-form\" data-formid=\"76\" method=\"post\" enctype=\"multipart\/form-data\" action=\"\/index.php\/wp-json\/wp\/v2\/pages\/9\" data-token=\"d9f57d3e019d8a4d6fc9be989f6d2668\" data-token-time=\"1776442958\"><noscript class=\"wpforms-error-noscript\">Aby wype\u0142ni\u0107 ten formularz, w\u0142\u0105cz obs\u0142ug\u0119 JavaScript w przegl\u0105darce.<\/noscript><div id=\"wpforms-error-noscript\" style=\"display: none;\">Aby wype\u0142ni\u0107 ten formularz, w\u0142\u0105cz obs\u0142ug\u0119 JavaScript w przegl\u0105darce.<\/div><div class=\"wpforms-field-container\"><div id=\"wpforms-76-field_1-container\" class=\"wpforms-field wpforms-field-name\" data-field-id=\"1\"><label class=\"wpforms-field-label\" for=\"wpforms-76-field_1\">Imi\u0119 i nazwisko <span class=\"wpforms-required-label\" aria-hidden=\"true\">*<\/span><\/label><input type=\"text\" id=\"wpforms-76-field_1\" class=\"wpforms-field-medium wpforms-field-required\" name=\"wpforms[fields][1]\" aria-errormessage=\"wpforms-76-field_1-error\" required><\/div>\t\t<div id=\"wpforms-76-field_4-container\"\n\t\t\tclass=\"wpforms-field wpforms-field-text\"\n\t\t\tdata-field-type=\"text\"\n\t\t\tdata-field-id=\"4\"\n\t\t\t>\n\t\t\t<label class=\"wpforms-field-label\" for=\"wpforms-76-field_4\" >Imi\u0119 Komentarz nazwisko<\/label>\n\t\t\t<input type=\"text\" id=\"wpforms-76-field_4\" class=\"wpforms-field-medium\" name=\"wpforms[fields][4]\" >\n\t\t<\/div>\n\t\t<div id=\"wpforms-76-field_2-container\" class=\"wpforms-field wpforms-field-email\" data-field-id=\"2\"><label class=\"wpforms-field-label\" for=\"wpforms-76-field_2\">Adres e-mail <span class=\"wpforms-required-label\" aria-hidden=\"true\">*<\/span><\/label><input type=\"email\" id=\"wpforms-76-field_2\" class=\"wpforms-field-medium wpforms-field-required\" name=\"wpforms[fields][2]\" spellcheck=\"false\" aria-errormessage=\"wpforms-76-field_2-error\" required><\/div><div id=\"wpforms-76-field_3-container\" class=\"wpforms-field wpforms-field-textarea\" data-field-id=\"3\"><label class=\"wpforms-field-label\" for=\"wpforms-76-field_3\">Komentarz lub wiadomo\u015b\u0107<\/label><textarea id=\"wpforms-76-field_3\" class=\"wpforms-field-medium\" name=\"wpforms[fields][3]\" aria-errormessage=\"wpforms-76-field_3-error\" ><\/textarea><\/div><script>\n\t\t\t\t( function() {\n\t\t\t\t\tconst style = document.createElement( 'style' );\n\t\t\t\t\tstyle.appendChild( document.createTextNode( '#wpforms-76-field_4-container { position: absolute !important; overflow: hidden !important; display: inline !important; height: 1px !important; width: 1px !important; z-index: -1000 !important; padding: 0 !important; } #wpforms-76-field_4-container input { visibility: hidden; } #wpforms-conversational-form-page #wpforms-76-field_4-container label { counter-increment: none; }' ) );\n\t\t\t\t\tdocument.head.appendChild( style );\n\t\t\t\t\tdocument.currentScript?.remove();\n\t\t\t\t} )();\n\t\t\t<\/script><\/div><!-- .wpforms-field-container --><div class=\"wpforms-submit-container\" ><input type=\"hidden\" name=\"wpforms[id]\" value=\"76\"><input type=\"hidden\" name=\"page_title\" value=\"\"><input type=\"hidden\" name=\"page_url\" value=\"https:\/\/www.heartflow.com.pl\/index.php\/wp-json\/wp\/v2\/pages\/9\"><input type=\"hidden\" name=\"url_referer\" value=\"\"><button type=\"submit\" name=\"wpforms[submit]\" id=\"wpforms-submit-76\" class=\"wpforms-submit\" data-alt-text=\"Wysy\u0142anie...\" data-submit-text=\"Prze\u015blij\" aria-live=\"assertive\" value=\"wpforms-submit\">Prze\u015blij<\/button><img loading=\"lazy\" decoding=\"async\" src=\"https:\/\/www.heartflow.com.pl\/wp-content\/plugins\/wpforms-lite\/assets\/images\/submit-spin.svg\" class=\"wpforms-submit-spinner\" style=\"display: none;\" width=\"26\" height=\"26\" alt=\"Wczytywanie\"><\/div><\/form><\/div>  <!-- .wpforms-container -->","protected":false},"excerpt":{"rendered":"<p>Niewydolno\u015b\u0107 serca stanowi obecnie jedno z najwi\u0119kszych wyzwa\u0144 zdrowotnych XXI wieku. Szacuje si\u0119, \u017ce w Polsce choroba ta dotyczy nawet 1\u20131,3 miliona os\u00f3b, a rocznie prowadzi do \u015bmierci oko\u0142o 140\u2013150 tysi\u0119cy pacjent\u00f3w. Co istotne, \u015bmiertelno\u015b\u0107 z jej powodu w wielu przypadkach przewy\u017csza zgony zwi\u0105zane z chorobami onkologicznymi. Pomimo tego \u015bwiadomo\u015b\u0107 spo\u0142eczna dotycz\u0105ca dost\u0119pnych metod leczenia [&hellip;]<\/p>\n","protected":false},"author":1,"featured_media":10,"parent":0,"menu_order":0,"comment_status":"closed","ping_status":"closed","template":"page-no-title","meta":{"footnotes":""},"class_list":["post-9","page","type-page","status-publish","has-post-thumbnail","hentry"],"_links":{"self":[{"href":"https:\/\/www.heartflow.com.pl\/index.php\/wp-json\/wp\/v2\/pages\/9","targetHints":{"allow":["GET"]}}],"collection":[{"href":"https:\/\/www.heartflow.com.pl\/index.php\/wp-json\/wp\/v2\/pages"}],"about":[{"href":"https:\/\/www.heartflow.com.pl\/index.php\/wp-json\/wp\/v2\/types\/page"}],"author":[{"embeddable":true,"href":"https:\/\/www.heartflow.com.pl\/index.php\/wp-json\/wp\/v2\/users\/1"}],"replies":[{"embeddable":true,"href":"https:\/\/www.heartflow.com.pl\/index.php\/wp-json\/wp\/v2\/comments?post=9"}],"version-history":[{"count":34,"href":"https:\/\/www.heartflow.com.pl\/index.php\/wp-json\/wp\/v2\/pages\/9\/revisions"}],"predecessor-version":[{"id":96,"href":"https:\/\/www.heartflow.com.pl\/index.php\/wp-json\/wp\/v2\/pages\/9\/revisions\/96"}],"wp:featuredmedia":[{"embeddable":true,"href":"https:\/\/www.heartflow.com.pl\/index.php\/wp-json\/wp\/v2\/media\/10"}],"wp:attachment":[{"href":"https:\/\/www.heartflow.com.pl\/index.php\/wp-json\/wp\/v2\/media?parent=9"}],"curies":[{"name":"wp","href":"https:\/\/api.w.org\/{rel}","templated":true}]}}